{"id":898,"date":"2018-12-05T18:43:12","date_gmt":"2018-12-05T18:43:12","guid":{"rendered":"http:\/\/www.unilogic.com.gt\/?page_id=898"},"modified":"2025-03-25T21:11:53","modified_gmt":"2025-03-25T21:11:53","slug":"gestion-aduanas","status":"publish","type":"page","link":"https:\/\/www.unilogic.com.gt\/en\/gestion-aduanas\/","title":{"rendered":"Gesti\u00f3n de aduanas"},"content":{"rendered":"<div data-elementor-type=\"wp-post\" data-elementor-id=\"898\" class=\"elementor elementor-898\" data-elementor-post-type=\"page\">\n\t\t\t\t<div class=\"elementor-element elementor-element-58ff9ce e-flex e-con-boxed elementor-invisible e-con e-parent\" data-id=\"58ff9ce\" data-element_type=\"container\" data-settings=\"{&quot;background_background&quot;:&quot;classic&quot;,&quot;animation&quot;:&quot;fadeIn&quot;}\">\n\t\t\t\t\t<div class=\"e-con-inner\">\n\t\t<div class=\"elementor-element elementor-element-3865d90 e-con-full e-flex e-con e-child\" data-id=\"3865d90\" data-element_type=\"container\" data-settings=\"{&quot;background_background&quot;:&quot;classic&quot;}\">\n\t\t\t\t<\/div>\n\t\t\t\t\t<\/div>\n\t\t\t\t<\/div>\n\t\t<div class=\"elementor-element elementor-element-a012b47 e-con-full e-flex elementor-invisible e-con e-parent\" data-id=\"a012b47\" data-element_type=\"container\" data-settings=\"{&quot;animation&quot;:&quot;fadeInDown&quot;}\">\n\t\t<div class=\"elementor-element elementor-element-e376b7d e-con-full e-flex e-con e-child\" data-id=\"e376b7d\" data-element_type=\"container\">\n\t\t\t\t<div class=\"elementor-element elementor-element-00c5188 elementor-widget elementor-widget-heading\" data-id=\"00c5188\" data-element_type=\"widget\" data-widget_type=\"heading.default\">\n\t\t\t\t\t<h2 class=\"elementor-heading-title elementor-size-large\">Gesti\u00f3n en aduanas<\/h2>\t\t\t\t<\/div>\n\t\t\t\t<div class=\"elementor-element elementor-element-ccdd705 elementor-widget elementor-widget-text-editor\" data-id=\"ccdd705\" data-element_type=\"widget\" data-widget_type=\"text-editor.default\">\n\t\t\t\t\t\t\t\t\t<p class=\"p1\">Optimizamos procesos aduaneros para despachos eficientes y sin contratiempos. Nos encargamos de la clasificaci\u00f3n arancelaria, permisos y documentaci\u00f3n, garantizando el cumplimiento normativo con m\u00e1xima eficiencia.<\/p>\t\t\t\t\t\t\t\t<\/div>\n\t\t\t\t<\/div>\n\t\t<div class=\"elementor-element elementor-element-bea0f1f e-con-full e-flex e-con e-child\" data-id=\"bea0f1f\" data-element_type=\"container\">\n\t\t\t\t<div class=\"elementor-element elementor-element-6cd22ca elementor-widget elementor-widget-image\" data-id=\"6cd22ca\" data-element_type=\"widget\" data-widget_type=\"image.default\">\n\t\t\t\t\t\t\t\t\t\t\t\t\t\t\t<img fetchpriority=\"high\" decoding=\"async\" width=\"800\" height=\"536\" src=\"https:\/\/www.unilogic.com.gt\/wp-content\/uploads\/2025\/03\/logistica-unilogic-5-1024x686.png\" class=\"attachment-large size-large wp-image-2405\" alt=\"\" srcset=\"https:\/\/www.unilogic.com.gt\/wp-content\/uploads\/2025\/03\/logistica-unilogic-5-1024x686.png 1024w, https:\/\/www.unilogic.com.gt\/wp-content\/uploads\/2025\/03\/logistica-unilogic-5-300x201.png 300w, https:\/\/www.unilogic.com.gt\/wp-content\/uploads\/2025\/03\/logistica-unilogic-5-768x515.png 768w, https:\/\/www.unilogic.com.gt\/wp-content\/uploads\/2025\/03\/logistica-unilogic-5-1536x1030.png 1536w, https:\/\/www.unilogic.com.gt\/wp-content\/uploads\/2025\/03\/logistica-unilogic-5-18x12.png 18w, https:\/\/www.unilogic.com.gt\/wp-content\/uploads\/2025\/03\/logistica-unilogic-5.png 1787w\" sizes=\"(max-width: 800px) 100vw, 800px\" \/>\t\t\t\t\t\t\t\t\t\t\t\t\t\t\t<\/div>\n\t\t\t\t<\/div>\n\t\t\t\t<\/div>\n\t\t<div class=\"elementor-element elementor-element-139f1b2 e-con-full e-flex elementor-invisible e-con e-parent\" data-id=\"139f1b2\" data-element_type=\"container\" data-settings=\"{&quot;background_background&quot;:&quot;classic&quot;,&quot;animation&quot;:&quot;fadeInDown&quot;}\">\n\t\t<div class=\"elementor-element elementor-element-510a4d3 elementor-hidden-tablet elementor-hidden-phone e-con-full e-flex e-con e-child\" data-id=\"510a4d3\" data-element_type=\"container\" data-settings=\"{&quot;background_background&quot;:&quot;classic&quot;}\">\n\t\t\t\t<div class=\"elementor-element elementor-element-2d718da elementor-widget elementor-widget-heading\" data-id=\"2d718da\" data-element_type=\"widget\" data-widget_type=\"heading.default\">\n\t\t\t\t\t<h2 class=\"elementor-heading-title elementor-size-default\">Tratados Comerciales<\/h2>\t\t\t\t<\/div>\n\t\t\t\t<div class=\"elementor-element elementor-element-5a4779f elementor-widget elementor-widget-text-editor\" data-id=\"5a4779f\" data-element_type=\"widget\" data-widget_type=\"text-editor.default\">\n\t\t\t\t\t\t\t\t\t<p class=\"p1\">Verificamos requisitos de origen para acceder a beneficios arancelarios y optimizar costos.<\/p>\t\t\t\t\t\t\t\t<\/div>\n\t\t\t\t<\/div>\n\t\t<div class=\"elementor-element elementor-element-9451369 elementor-hidden-tablet elementor-hidden-phone e-con-full e-flex e-con e-child\" data-id=\"9451369\" data-element_type=\"container\" data-settings=\"{&quot;background_background&quot;:&quot;classic&quot;}\">\n\t\t\t\t<div class=\"elementor-element elementor-element-e73726c elementor-widget elementor-widget-heading\" data-id=\"e73726c\" data-element_type=\"widget\" data-widget_type=\"heading.default\">\n\t\t\t\t\t<h2 class=\"elementor-heading-title elementor-size-default\">Merceolog\u00eda y clasificaci\u00f3n arancelaria<\/h2>\t\t\t\t<\/div>\n\t\t\t\t<div class=\"elementor-element elementor-element-2a7a38b elementor-widget elementor-widget-text-editor\" data-id=\"2a7a38b\" data-element_type=\"widget\" data-widget_type=\"text-editor.default\">\n\t\t\t\t\t\t\t\t\t<p class=\"p1\">Precisamos la clasificaci\u00f3n de sus productos para evitar sanciones y sobrecostos.<\/p>\t\t\t\t\t\t\t\t<\/div>\n\t\t\t\t<\/div>\n\t\t<div class=\"elementor-element elementor-element-490c58e e-con-full e-flex e-con e-child\" data-id=\"490c58e\" data-element_type=\"container\" data-settings=\"{&quot;background_background&quot;:&quot;classic&quot;}\">\n\t\t\t\t<div class=\"elementor-element elementor-element-a41ae23 elementor-widget elementor-widget-heading\" data-id=\"a41ae23\" data-element_type=\"widget\" data-widget_type=\"heading.default\">\n\t\t\t\t\t<h2 class=\"elementor-heading-title elementor-size-large\">Valoraci\u00f3n aduanera<\/h2>\t\t\t\t<\/div>\n\t\t\t\t<div class=\"elementor-element elementor-element-e80e320 elementor-widget elementor-widget-text-editor\" data-id=\"e80e320\" data-element_type=\"widget\" data-widget_type=\"text-editor.default\">\n\t\t\t\t\t\t\t\t\t<p class=\"p1\">Aplicamos criterios t\u00e9cnicos para determinar el valor en aduana y minimizar riesgos.<\/p>\t\t\t\t\t\t\t\t<\/div>\n\t\t\t\t<\/div>\n\t\t<div class=\"elementor-element elementor-element-4347995 e-con-full e-flex e-con e-child\" data-id=\"4347995\" data-element_type=\"container\" data-settings=\"{&quot;background_background&quot;:&quot;classic&quot;}\">\n\t\t\t\t<div class=\"elementor-element elementor-element-1c861f2 elementor-widget elementor-widget-heading\" data-id=\"1c861f2\" data-element_type=\"widget\" data-widget_type=\"heading.default\">\n\t\t\t\t\t<h2 class=\"elementor-heading-title elementor-size-large\">Procedimientos aduaneros<\/h2>\t\t\t\t<\/div>\n\t\t\t\t<div class=\"elementor-element elementor-element-0b32c0a elementor-widget elementor-widget-text-editor\" data-id=\"0b32c0a\" data-element_type=\"widget\" data-widget_type=\"text-editor.default\">\n\t\t\t\t\t\t\t\t\t<p class=\"p1\">Aplicamos nuestra experiencia en normativa aduanera para gestionar documentaci\u00f3n, coordinar con entidades regulatorias y garantizar el cumplimiento de los requisitos legales en cada operaci\u00f3n.<\/p>\t\t\t\t\t\t\t\t<\/div>\n\t\t\t\t<\/div>\n\t\t<div class=\"elementor-element elementor-element-d4843d5 e-con-full e-flex e-con e-child\" data-id=\"d4843d5\" data-element_type=\"container\" data-settings=\"{&quot;background_background&quot;:&quot;classic&quot;}\">\n\t\t\t\t<div class=\"elementor-element elementor-element-c0e4deb elementor-widget elementor-widget-heading\" data-id=\"c0e4deb\" data-element_type=\"widget\" data-widget_type=\"heading.default\">\n\t\t\t\t\t<h2 class=\"elementor-heading-title elementor-size-large\">Permisos y regulaciones no arancelarias<\/h2>\t\t\t\t<\/div>\n\t\t\t\t<div class=\"elementor-element elementor-element-0732882 elementor-widget elementor-widget-text-editor\" data-id=\"0732882\" data-element_type=\"widget\" data-widget_type=\"text-editor.default\">\n\t\t\t\t\t\t\t\t\t<p class=\"p1\">Licencias, registros y certificaciones para productos regulados.<\/p><p class=\"p1\">Aplicamos criterios t\u00e9cnicos para determinar el valor en aduana y minimizar riesgos.<\/p>\t\t\t\t\t\t\t\t<\/div>\n\t\t\t\t<\/div>\n\t\t<div class=\"elementor-element elementor-element-9661905 e-con-full e-flex e-con e-child\" data-id=\"9661905\" data-element_type=\"container\" data-settings=\"{&quot;background_background&quot;:&quot;classic&quot;}\">\n\t\t\t\t<div class=\"elementor-element elementor-element-85a10bc elementor-widget elementor-widget-heading\" data-id=\"85a10bc\" data-element_type=\"widget\" data-widget_type=\"heading.default\">\n\t\t\t\t\t<h2 class=\"elementor-heading-title elementor-size-large\">Reducci\u00f3n de riesgos<\/h2>\t\t\t\t<\/div>\n\t\t\t\t<div class=\"elementor-element elementor-element-5febfe9 elementor-widget elementor-widget-text-editor\" data-id=\"5febfe9\" data-element_type=\"widget\" data-widget_type=\"text-editor.default\">\n\t\t\t\t\t\t\t\t\t<p class=\"p1\">Aplicamos criterios t\u00e9cnicos para determinar el valor en aduana y minimizar riesgos.<\/p>\t\t\t\t\t\t\t\t<\/div>\n\t\t\t\t<\/div>\n\t\t\t\t<\/div>\n\t\t\t\t<\/div>","protected":false},"excerpt":{"rendered":"<p>Gesti\u00f3n en aduanas Optimizamos procesos aduaneros para despachos eficientes y sin contratiempos. Nos encargamos de la clasificaci\u00f3n arancelaria, permisos y documentaci\u00f3n, garantizando el cumplimiento normativo con m\u00e1xima eficiencia. Tratados Comerciales Verificamos requisitos de origen para acceder a beneficios arancelarios y optimizar costos. Merceolog\u00eda y clasificaci\u00f3n arancelaria Precisamos la clasificaci\u00f3n de sus productos para evitar sanciones [&hellip;]<\/p>","protected":false},"author":1,"featured_media":0,"parent":0,"menu_order":0,"comment_status":"closed","ping_status":"closed","template":"","meta":{"_acf_changed":false,"footnotes":""},"class_list":["post-898","page","type-page","status-publish","hentry"],"acf":[],"yoast_head":"<!-- This site is optimized with the Yoast SEO plugin v24.8.1 - https:\/\/yoast.com\/wordpress\/plugins\/seo\/ -->\n<title>Gesti\u00f3n de aduanas - Unilogic<\/title>\n<meta name=\"description\" content=\"En nuestra gesti\u00f3n de compras obtienes dise\u00f1o e implementaci\u00f3n de procesos para la adquisici\u00f3n de bienes y servicios a nivel nacional e internacional y m\u00e1s.\" \/>\n<meta name=\"robots\" content=\"index, follow, max-snippet:-1, max-image-preview:large, max-video-preview:-1\" \/>\n<link rel=\"canonical\" href=\"https:\/\/www.unilogic.com.gt\/en\/gestion-aduanas\/\" \/>\n<meta property=\"og:locale\" content=\"en_US\" \/>\n<meta property=\"og:type\" content=\"article\" \/>\n<meta property=\"og:title\" content=\"Gesti\u00f3n de aduanas - Unilogic\" \/>\n<meta property=\"og:description\" content=\"En nuestra gesti\u00f3n de compras obtienes dise\u00f1o e implementaci\u00f3n de procesos para la adquisici\u00f3n de bienes y servicios a nivel nacional e internacional y m\u00e1s.\" \/>\n<meta property=\"og:url\" content=\"https:\/\/www.unilogic.com.gt\/en\/gestion-aduanas\/\" \/>\n<meta property=\"og:site_name\" content=\"Unilogic\" \/>\n<meta property=\"article:publisher\" content=\"https:\/\/www.facebook.com\/UniLogicGT\" \/>\n<meta property=\"article:modified_time\" content=\"2025-03-25T21:11:53+00:00\" \/>\n<meta property=\"og:image\" content=\"https:\/\/www.unilogic.com.gt\/wp-content\/uploads\/2025\/03\/logistica-unilogic-5-1024x686.png\" \/>\n\t<meta property=\"og:image:width\" content=\"1024\" \/>\n\t<meta property=\"og:image:height\" content=\"686\" \/>\n\t<meta property=\"og:image:type\" content=\"image\/png\" \/>\n<meta name=\"twitter:card\" content=\"summary_large_image\" \/>\n<meta name=\"twitter:label1\" content=\"Est. reading time\" \/>\n\t<meta name=\"twitter:data1\" content=\"1 minute\" \/>\n<script type=\"application\/ld+json\" class=\"yoast-schema-graph\">{\"@context\":\"https:\/\/schema.org\",\"@graph\":[{\"@type\":\"WebPage\",\"@id\":\"https:\/\/www.unilogic.com.gt\/gestion-aduanas\/\",\"url\":\"https:\/\/www.unilogic.com.gt\/gestion-aduanas\/\",\"name\":\"Gesti\u00f3n de aduanas - Unilogic\",\"isPartOf\":{\"@id\":\"https:\/\/www.unilogic.com.gt\/#website\"},\"primaryImageOfPage\":{\"@id\":\"https:\/\/www.unilogic.com.gt\/gestion-aduanas\/#primaryimage\"},\"image\":{\"@id\":\"https:\/\/www.unilogic.com.gt\/gestion-aduanas\/#primaryimage\"},\"thumbnailUrl\":\"https:\/\/www.unilogic.com.gt\/wp-content\/uploads\/2025\/03\/logistica-unilogic-5-1024x686.png\",\"datePublished\":\"2018-12-05T18:43:12+00:00\",\"dateModified\":\"2025-03-25T21:11:53+00:00\",\"description\":\"En nuestra gesti\u00f3n de compras obtienes dise\u00f1o e implementaci\u00f3n de procesos para la adquisici\u00f3n de bienes y servicios a nivel nacional e internacional y m\u00e1s.\",\"breadcrumb\":{\"@id\":\"https:\/\/www.unilogic.com.gt\/gestion-aduanas\/#breadcrumb\"},\"inLanguage\":\"en-US\",\"potentialAction\":[{\"@type\":\"ReadAction\",\"target\":[\"https:\/\/www.unilogic.com.gt\/gestion-aduanas\/\"]}]},{\"@type\":\"ImageObject\",\"inLanguage\":\"en-US\",\"@id\":\"https:\/\/www.unilogic.com.gt\/gestion-aduanas\/#primaryimage\",\"url\":\"https:\/\/www.unilogic.com.gt\/wp-content\/uploads\/2025\/03\/logistica-unilogic-5-1024x686.png\",\"contentUrl\":\"https:\/\/www.unilogic.com.gt\/wp-content\/uploads\/2025\/03\/logistica-unilogic-5-1024x686.png\"},{\"@type\":\"BreadcrumbList\",\"@id\":\"https:\/\/www.unilogic.com.gt\/gestion-aduanas\/#breadcrumb\",\"itemListElement\":[{\"@type\":\"ListItem\",\"position\":1,\"name\":\"Portada\",\"item\":\"https:\/\/www.unilogic.com.gt\/\"},{\"@type\":\"ListItem\",\"position\":2,\"name\":\"Gesti\u00f3n de aduanas\"}]},{\"@type\":\"WebSite\",\"@id\":\"https:\/\/www.unilogic.com.gt\/#website\",\"url\":\"https:\/\/www.unilogic.com.gt\/\",\"name\":\"UniLogic\",\"description\":\"Simplificando el mundo\",\"publisher\":{\"@id\":\"https:\/\/www.unilogic.com.gt\/#organization\"},\"potentialAction\":[{\"@type\":\"SearchAction\",\"target\":{\"@type\":\"EntryPoint\",\"urlTemplate\":\"https:\/\/www.unilogic.com.gt\/?s={search_term_string}\"},\"query-input\":{\"@type\":\"PropertyValueSpecification\",\"valueRequired\":true,\"valueName\":\"search_term_string\"}}],\"inLanguage\":\"en-US\"},{\"@type\":\"Organization\",\"@id\":\"https:\/\/www.unilogic.com.gt\/#organization\",\"name\":\"UniLogic\",\"url\":\"https:\/\/www.unilogic.com.gt\/\",\"logo\":{\"@type\":\"ImageObject\",\"inLanguage\":\"en-US\",\"@id\":\"https:\/\/www.unilogic.com.gt\/#\/schema\/logo\/image\/\",\"url\":\"https:\/\/www.unilogic.com.gt\/wp-content\/uploads\/2025\/02\/cropped-logo-unilogic.png\",\"contentUrl\":\"https:\/\/www.unilogic.com.gt\/wp-content\/uploads\/2025\/02\/cropped-logo-unilogic.png\",\"width\":1263,\"height\":361,\"caption\":\"UniLogic\"},\"image\":{\"@id\":\"https:\/\/www.unilogic.com.gt\/#\/schema\/logo\/image\/\"},\"sameAs\":[\"https:\/\/www.facebook.com\/UniLogicGT\"]}]}<\/script>\n<!-- \/ Yoast SEO plugin. -->","yoast_head_json":{"title":"Gesti\u00f3n de aduanas - Unilogic","description":"En nuestra gesti\u00f3n de compras obtienes dise\u00f1o e implementaci\u00f3n de procesos para la adquisici\u00f3n de bienes y servicios a nivel nacional e internacional y m\u00e1s.","robots":{"index":"index","follow":"follow","max-snippet":"max-snippet:-1","max-image-preview":"max-image-preview:large","max-video-preview":"max-video-preview:-1"},"canonical":"https:\/\/www.unilogic.com.gt\/en\/gestion-aduanas\/","og_locale":"en_US","og_type":"article","og_title":"Gesti\u00f3n de aduanas - Unilogic","og_description":"En nuestra gesti\u00f3n de compras obtienes dise\u00f1o e implementaci\u00f3n de procesos para la adquisici\u00f3n de bienes y servicios a nivel nacional e internacional y m\u00e1s.","og_url":"https:\/\/www.unilogic.com.gt\/en\/gestion-aduanas\/","og_site_name":"Unilogic","article_publisher":"https:\/\/www.facebook.com\/UniLogicGT","article_modified_time":"2025-03-25T21:11:53+00:00","og_image":[{"width":1024,"height":686,"url":"https:\/\/www.unilogic.com.gt\/wp-content\/uploads\/2025\/03\/logistica-unilogic-5-1024x686.png","type":"image\/png"}],"twitter_card":"summary_large_image","twitter_misc":{"Est. reading time":"1 minute"},"schema":{"@context":"https:\/\/schema.org","@graph":[{"@type":"WebPage","@id":"https:\/\/www.unilogic.com.gt\/gestion-aduanas\/","url":"https:\/\/www.unilogic.com.gt\/gestion-aduanas\/","name":"Gesti\u00f3n de aduanas - Unilogic","isPartOf":{"@id":"https:\/\/www.unilogic.com.gt\/#website"},"primaryImageOfPage":{"@id":"https:\/\/www.unilogic.com.gt\/gestion-aduanas\/#primaryimage"},"image":{"@id":"https:\/\/www.unilogic.com.gt\/gestion-aduanas\/#primaryimage"},"thumbnailUrl":"https:\/\/www.unilogic.com.gt\/wp-content\/uploads\/2025\/03\/logistica-unilogic-5-1024x686.png","datePublished":"2018-12-05T18:43:12+00:00","dateModified":"2025-03-25T21:11:53+00:00","description":"En nuestra gesti\u00f3n de compras obtienes dise\u00f1o e implementaci\u00f3n de procesos para la adquisici\u00f3n de bienes y servicios a nivel nacional e internacional y m\u00e1s.","breadcrumb":{"@id":"https:\/\/www.unilogic.com.gt\/gestion-aduanas\/#breadcrumb"},"inLanguage":"en-US","potentialAction":[{"@type":"ReadAction","target":["https:\/\/www.unilogic.com.gt\/gestion-aduanas\/"]}]},{"@type":"ImageObject","inLanguage":"en-US","@id":"https:\/\/www.unilogic.com.gt\/gestion-aduanas\/#primaryimage","url":"https:\/\/www.unilogic.com.gt\/wp-content\/uploads\/2025\/03\/logistica-unilogic-5-1024x686.png","contentUrl":"https:\/\/www.unilogic.com.gt\/wp-content\/uploads\/2025\/03\/logistica-unilogic-5-1024x686.png"},{"@type":"BreadcrumbList","@id":"https:\/\/www.unilogic.com.gt\/gestion-aduanas\/#breadcrumb","itemListElement":[{"@type":"ListItem","position":1,"name":"Portada","item":"https:\/\/www.unilogic.com.gt\/"},{"@type":"ListItem","position":2,"name":"Gesti\u00f3n de aduanas"}]},{"@type":"WebSite","@id":"https:\/\/www.unilogic.com.gt\/#website","url":"https:\/\/www.unilogic.com.gt\/","name":"UniLogic","description":"Simplificando el mundo","publisher":{"@id":"https:\/\/www.unilogic.com.gt\/#organization"},"potentialAction":[{"@type":"SearchAction","target":{"@type":"EntryPoint","urlTemplate":"https:\/\/www.unilogic.com.gt\/?s={search_term_string}"},"query-input":{"@type":"PropertyValueSpecification","valueRequired":true,"valueName":"search_term_string"}}],"inLanguage":"en-US"},{"@type":"Organization","@id":"https:\/\/www.unilogic.com.gt\/#organization","name":"UniLogic","url":"https:\/\/www.unilogic.com.gt\/","logo":{"@type":"ImageObject","inLanguage":"en-US","@id":"https:\/\/www.unilogic.com.gt\/#\/schema\/logo\/image\/","url":"https:\/\/www.unilogic.com.gt\/wp-content\/uploads\/2025\/02\/cropped-logo-unilogic.png","contentUrl":"https:\/\/www.unilogic.com.gt\/wp-content\/uploads\/2025\/02\/cropped-logo-unilogic.png","width":1263,"height":361,"caption":"UniLogic"},"image":{"@id":"https:\/\/www.unilogic.com.gt\/#\/schema\/logo\/image\/"},"sameAs":["https:\/\/www.facebook.com\/UniLogicGT"]}]}},"_links":{"self":[{"href":"https:\/\/www.unilogic.com.gt\/en\/wp-json\/wp\/v2\/pages\/898","targetHints":{"allow":["GET"]}}],"collection":[{"href":"https:\/\/www.unilogic.com.gt\/en\/wp-json\/wp\/v2\/pages"}],"about":[{"href":"https:\/\/www.unilogic.com.gt\/en\/wp-json\/wp\/v2\/types\/page"}],"author":[{"embeddable":true,"href":"https:\/\/www.unilogic.com.gt\/en\/wp-json\/wp\/v2\/users\/1"}],"replies":[{"embeddable":true,"href":"https:\/\/www.unilogic.com.gt\/en\/wp-json\/wp\/v2\/comments?post=898"}],"version-history":[{"count":183,"href":"https:\/\/www.unilogic.com.gt\/en\/wp-json\/wp\/v2\/pages\/898\/revisions"}],"predecessor-version":[{"id":2679,"href":"https:\/\/www.unilogic.com.gt\/en\/wp-json\/wp\/v2\/pages\/898\/revisions\/2679"}],"wp:attachment":[{"href":"https:\/\/www.unilogic.com.gt\/en\/wp-json\/wp\/v2\/media?parent=898"}],"curies":[{"name":"wp","href":"https:\/\/api.w.org\/{rel}","templated":true}]}}