{"id":2342,"date":"2025-03-07T16:22:07","date_gmt":"2025-03-07T16:22:07","guid":{"rendered":"https:\/\/www.unilogic.com.gt\/?page_id=2342"},"modified":"2025-04-09T17:53:05","modified_gmt":"2025-04-09T17:53:05","slug":"consultoria-en-comercio-internacional-aduanas","status":"publish","type":"page","link":"https:\/\/www.unilogic.com.gt\/en\/consultoria-en-comercio-internacional-aduanas\/","title":{"rendered":"International trade consulting and customs"},"content":{"rendered":"<div data-elementor-type=\"wp-page\" data-elementor-id=\"2342\" class=\"elementor elementor-2342\" data-elementor-post-type=\"page\">\n\t\t\t\t<div class=\"elementor-element elementor-element-7ef1fb3a e-flex e-con-boxed elementor-invisible e-con e-parent\" data-id=\"7ef1fb3a\" data-element_type=\"container\" data-settings=\"{&quot;background_background&quot;:&quot;classic&quot;,&quot;animation&quot;:&quot;fadeIn&quot;}\">\n\t\t\t\t\t<div class=\"e-con-inner\">\n\t\t<div class=\"elementor-element elementor-element-4dab9622 e-con-full e-flex e-con e-child\" data-id=\"4dab9622\" data-element_type=\"container\" data-settings=\"{&quot;background_background&quot;:&quot;classic&quot;}\">\n\t\t\t\t<\/div>\n\t\t\t\t\t<\/div>\n\t\t\t\t<\/div>\n\t\t<div class=\"elementor-element elementor-element-e458835 e-flex e-con-boxed e-con e-parent\" data-id=\"e458835\" data-element_type=\"container\">\n\t\t\t\t\t<div class=\"e-con-inner\">\n\t\t<div class=\"elementor-element elementor-element-02ff9f2 e-con-full e-flex e-con e-child\" data-id=\"02ff9f2\" data-element_type=\"container\">\n\t\t\t\t<div class=\"elementor-element elementor-element-28a87b6 elementor-widget elementor-widget-text-editor\" data-id=\"28a87b6\" data-element_type=\"widget\" data-widget_type=\"text-editor.default\">\n\t\t\t\t\t\t\t\t\t<p>Ofrecemos un servicio integral y de alto nivel en comercio internacional y aduanas, con consultor\u00eda especializada en clasificaci\u00f3n arancelaria, valoraci\u00f3n aduanera, origen de mercanc\u00edas, reg\u00edmenes aduaneros y normativa aplicable. Coordinamos con precisi\u00f3n cada etapa del proceso ante la autoridad aduanera, asegurando el cumplimiento normativo, la eficiencia operativa y la protecci\u00f3n de los intereses de nuestros clientes. Nuestra atenci\u00f3n es personalizada, estrat\u00e9gica y orientada a resultados.<\/p>\t\t\t\t\t\t\t\t<\/div>\n\t\t\t\t<\/div>\n\t\t<div class=\"elementor-element elementor-element-f401f99 e-con-full e-flex e-con e-child\" data-id=\"f401f99\" data-element_type=\"container\">\n\t\t\t\t<div class=\"elementor-element elementor-element-9f2f6b6 elementor-arrows-position-inside elementor-pagination-position-outside elementor-widget elementor-widget-image-carousel\" data-id=\"9f2f6b6\" data-element_type=\"widget\" data-settings=\"{&quot;slides_to_show&quot;:&quot;1&quot;,&quot;navigation&quot;:&quot;both&quot;,&quot;autoplay&quot;:&quot;yes&quot;,&quot;pause_on_hover&quot;:&quot;yes&quot;,&quot;pause_on_interaction&quot;:&quot;yes&quot;,&quot;autoplay_speed&quot;:5000,&quot;infinite&quot;:&quot;yes&quot;,&quot;effect&quot;:&quot;slide&quot;,&quot;speed&quot;:500}\" data-widget_type=\"image-carousel.default\">\n\t\t\t\t\t\t\t<div class=\"elementor-image-carousel-wrapper swiper\" role=\"region\" aria-roledescription=\"carousel\" aria-label=\"Carrusel de im\u00e1genes\" dir=\"ltr\">\n\t\t\t<div class=\"elementor-image-carousel swiper-wrapper\" aria-live=\"off\">\n\t\t\t\t\t\t\t\t<div class=\"swiper-slide\" role=\"group\" aria-roledescription=\"slide\" aria-label=\"1 de 4\"><figure class=\"swiper-slide-inner\"><img decoding=\"async\" class=\"swiper-slide-image lazyload\" data-src=\"https:\/\/www.unilogic.com.gt\/wp-content\/uploads\/2025\/03\/carga-general-guatmeala-1024x682.png\" alt=\"carga general guatmeala\" src=\"data:image\/gif;base64,R0lGODlhAQABAAAAACH5BAEKAAEALAAAAAABAAEAAAICTAEAOw==\" style=\"--smush-placeholder-width: 1024px; --smush-placeholder-aspect-ratio: 1024\/682;\" \/><\/figure><\/div><div class=\"swiper-slide\" role=\"group\" aria-roledescription=\"slide\" aria-label=\"2 de 4\"><figure class=\"swiper-slide-inner\"><img decoding=\"async\" class=\"swiper-slide-image lazyload\" data-src=\"https:\/\/www.unilogic.com.gt\/wp-content\/uploads\/2025\/04\/comercio-internacional-1024x682.png\" alt=\"comercio internacional\" src=\"data:image\/gif;base64,R0lGODlhAQABAAAAACH5BAEKAAEALAAAAAABAAEAAAICTAEAOw==\" style=\"--smush-placeholder-width: 1024px; --smush-placeholder-aspect-ratio: 1024\/682;\" \/><\/figure><\/div><div class=\"swiper-slide\" role=\"group\" aria-roledescription=\"slide\" aria-label=\"3 de 4\"><figure class=\"swiper-slide-inner\"><img decoding=\"async\" class=\"swiper-slide-image lazyload\" data-src=\"https:\/\/www.unilogic.com.gt\/wp-content\/uploads\/2025\/04\/comercio-internacional-2-1024x682.png\" alt=\"comercio internacional 2\" src=\"data:image\/gif;base64,R0lGODlhAQABAAAAACH5BAEKAAEALAAAAAABAAEAAAICTAEAOw==\" style=\"--smush-placeholder-width: 1024px; --smush-placeholder-aspect-ratio: 1024\/682;\" \/><\/figure><\/div><div class=\"swiper-slide\" role=\"group\" aria-roledescription=\"slide\" aria-label=\"4 de 4\"><figure class=\"swiper-slide-inner\"><img decoding=\"async\" class=\"swiper-slide-image lazyload\" data-src=\"https:\/\/www.unilogic.com.gt\/wp-content\/uploads\/2025\/04\/carga-general-1-1024x682.png\" alt=\"carga general-1\" src=\"data:image\/gif;base64,R0lGODlhAQABAAAAACH5BAEKAAEALAAAAAABAAEAAAICTAEAOw==\" style=\"--smush-placeholder-width: 1024px; --smush-placeholder-aspect-ratio: 1024\/682;\" \/><\/figure><\/div>\t\t\t<\/div>\n\t\t\t\t\t\t\t\t\t\t\t\t<div class=\"elementor-swiper-button elementor-swiper-button-prev\" role=\"button\" tabindex=\"0\">\n\t\t\t\t\t\t<svg aria-hidden=\"true\" class=\"e-font-icon-svg e-eicon-chevron-left\" viewbox=\"0 0 1000 1000\" xmlns=\"http:\/\/www.w3.org\/2000\/svg\"><path d=\"M646 125C629 125 613 133 604 142L308 442C296 454 292 471 292 487 292 504 296 521 308 533L604 854C617 867 629 875 646 875 663 875 679 871 692 858 704 846 713 829 713 812 713 796 708 779 692 767L438 487 692 225C700 217 708 204 708 187 708 171 704 154 692 142 675 129 663 125 646 125Z\"><\/path><\/svg>\t\t\t\t\t<\/div>\n\t\t\t\t\t<div class=\"elementor-swiper-button elementor-swiper-button-next\" role=\"button\" tabindex=\"0\">\n\t\t\t\t\t\t<svg aria-hidden=\"true\" class=\"e-font-icon-svg e-eicon-chevron-right\" viewbox=\"0 0 1000 1000\" xmlns=\"http:\/\/www.w3.org\/2000\/svg\"><path d=\"M696 533C708 521 713 504 713 487 713 471 708 454 696 446L400 146C388 133 375 125 354 125 338 125 325 129 313 142 300 154 292 171 292 187 292 204 296 221 308 233L563 492 304 771C292 783 288 800 288 817 288 833 296 850 308 863 321 871 338 875 354 875 371 875 388 867 400 854L696 533Z\"><\/path><\/svg>\t\t\t\t\t<\/div>\n\t\t\t\t\n\t\t\t\t\t\t\t\t\t<div class=\"swiper-pagination\"><\/div>\n\t\t\t\t\t\t\t\t\t<\/div>\n\t\t\t\t\t\t<\/div>\n\t\t\t\t<\/div>\n\t\t\t\t\t<\/div>\n\t\t\t\t<\/div>\n\t\t\t\t<\/div>","protected":false},"excerpt":{"rendered":"<p>Ofrecemos un servicio integral y de alto nivel en comercio internacional y aduanas, con consultor\u00eda especializada en clasificaci\u00f3n arancelaria, valoraci\u00f3n aduanera, origen de mercanc\u00edas, reg\u00edmenes aduaneros y normativa aplicable. Coordinamos con precisi\u00f3n cada etapa del proceso ante la autoridad aduanera, asegurando el cumplimiento normativo, la eficiencia operativa y la protecci\u00f3n de los intereses de nuestros [&hellip;]<\/p>","protected":false},"author":1,"featured_media":0,"parent":0,"menu_order":0,"comment_status":"closed","ping_status":"closed","template":"","meta":{"_acf_changed":false,"footnotes":""},"class_list":["post-2342","page","type-page","status-publish","hentry"],"acf":[],"yoast_head":"<!-- This site is optimized with the Yoast SEO plugin v24.8.1 - https:\/\/yoast.com\/wordpress\/plugins\/seo\/ -->\n<title>Consultor\u00eda en comercio internacional y aduanas - Unilogic<\/title>\n<meta name=\"robots\" content=\"index, follow, max-snippet:-1, max-image-preview:large, max-video-preview:-1\" \/>\n<link rel=\"canonical\" href=\"https:\/\/www.unilogic.com.gt\/en\/consultoria-en-comercio-internacional-aduanas\/\" \/>\n<meta property=\"og:locale\" content=\"en_US\" \/>\n<meta property=\"og:type\" content=\"article\" \/>\n<meta property=\"og:title\" content=\"Consultor\u00eda en comercio internacional y aduanas - Unilogic\" \/>\n<meta property=\"og:description\" content=\"Ofrecemos un servicio integral y de alto nivel en comercio internacional y aduanas, con consultor\u00eda especializada en clasificaci\u00f3n arancelaria, valoraci\u00f3n aduanera, origen de mercanc\u00edas, reg\u00edmenes aduaneros y normativa aplicable. Coordinamos con precisi\u00f3n cada etapa del proceso ante la autoridad aduanera, asegurando el cumplimiento normativo, la eficiencia operativa y la protecci\u00f3n de los intereses de nuestros [&hellip;]\" \/>\n<meta property=\"og:url\" content=\"https:\/\/www.unilogic.com.gt\/en\/consultoria-en-comercio-internacional-aduanas\/\" \/>\n<meta property=\"og:site_name\" content=\"Unilogic\" \/>\n<meta property=\"article:publisher\" content=\"https:\/\/www.facebook.com\/UniLogicGT\" \/>\n<meta property=\"article:modified_time\" content=\"2025-04-09T17:53:05+00:00\" \/>\n<meta property=\"og:image\" content=\"https:\/\/www.unilogic.com.gt\/wp-content\/uploads\/2025\/03\/carga-general-guatmeala-1024x682.png\" \/>\n<meta name=\"twitter:card\" content=\"summary_large_image\" \/>\n<meta name=\"twitter:label1\" content=\"Est. reading time\" \/>\n\t<meta name=\"twitter:data1\" content=\"2 minutes\" \/>\n<script type=\"application\/ld+json\" class=\"yoast-schema-graph\">{\"@context\":\"https:\/\/schema.org\",\"@graph\":[{\"@type\":\"WebPage\",\"@id\":\"https:\/\/www.unilogic.com.gt\/consultoria-en-comercio-internacional-aduanas\/\",\"url\":\"https:\/\/www.unilogic.com.gt\/consultoria-en-comercio-internacional-aduanas\/\",\"name\":\"Consultor\u00eda en comercio internacional y aduanas - Unilogic\",\"isPartOf\":{\"@id\":\"https:\/\/www.unilogic.com.gt\/#website\"},\"primaryImageOfPage\":{\"@id\":\"https:\/\/www.unilogic.com.gt\/consultoria-en-comercio-internacional-aduanas\/#primaryimage\"},\"image\":{\"@id\":\"https:\/\/www.unilogic.com.gt\/consultoria-en-comercio-internacional-aduanas\/#primaryimage\"},\"thumbnailUrl\":\"https:\/\/www.unilogic.com.gt\/wp-content\/uploads\/2025\/03\/carga-general-guatmeala-1024x682.png\",\"datePublished\":\"2025-03-07T16:22:07+00:00\",\"dateModified\":\"2025-04-09T17:53:05+00:00\",\"breadcrumb\":{\"@id\":\"https:\/\/www.unilogic.com.gt\/consultoria-en-comercio-internacional-aduanas\/#breadcrumb\"},\"inLanguage\":\"en-US\",\"potentialAction\":[{\"@type\":\"ReadAction\",\"target\":[\"https:\/\/www.unilogic.com.gt\/consultoria-en-comercio-internacional-aduanas\/\"]}]},{\"@type\":\"ImageObject\",\"inLanguage\":\"en-US\",\"@id\":\"https:\/\/www.unilogic.com.gt\/consultoria-en-comercio-internacional-aduanas\/#primaryimage\",\"url\":\"https:\/\/www.unilogic.com.gt\/wp-content\/uploads\/2025\/03\/carga-general-guatmeala-1024x682.png\",\"contentUrl\":\"https:\/\/www.unilogic.com.gt\/wp-content\/uploads\/2025\/03\/carga-general-guatmeala-1024x682.png\"},{\"@type\":\"BreadcrumbList\",\"@id\":\"https:\/\/www.unilogic.com.gt\/consultoria-en-comercio-internacional-aduanas\/#breadcrumb\",\"itemListElement\":[{\"@type\":\"ListItem\",\"position\":1,\"name\":\"Portada\",\"item\":\"https:\/\/www.unilogic.com.gt\/\"},{\"@type\":\"ListItem\",\"position\":2,\"name\":\"Consultor\u00eda en comercio internacional y aduanas\"}]},{\"@type\":\"WebSite\",\"@id\":\"https:\/\/www.unilogic.com.gt\/#website\",\"url\":\"https:\/\/www.unilogic.com.gt\/\",\"name\":\"UniLogic\",\"description\":\"Simplificando el mundo\",\"publisher\":{\"@id\":\"https:\/\/www.unilogic.com.gt\/#organization\"},\"potentialAction\":[{\"@type\":\"SearchAction\",\"target\":{\"@type\":\"EntryPoint\",\"urlTemplate\":\"https:\/\/www.unilogic.com.gt\/?s={search_term_string}\"},\"query-input\":{\"@type\":\"PropertyValueSpecification\",\"valueRequired\":true,\"valueName\":\"search_term_string\"}}],\"inLanguage\":\"en-US\"},{\"@type\":\"Organization\",\"@id\":\"https:\/\/www.unilogic.com.gt\/#organization\",\"name\":\"UniLogic\",\"url\":\"https:\/\/www.unilogic.com.gt\/\",\"logo\":{\"@type\":\"ImageObject\",\"inLanguage\":\"en-US\",\"@id\":\"https:\/\/www.unilogic.com.gt\/#\/schema\/logo\/image\/\",\"url\":\"https:\/\/www.unilogic.com.gt\/wp-content\/uploads\/2025\/02\/cropped-logo-unilogic.png\",\"contentUrl\":\"https:\/\/www.unilogic.com.gt\/wp-content\/uploads\/2025\/02\/cropped-logo-unilogic.png\",\"width\":1263,\"height\":361,\"caption\":\"UniLogic\"},\"image\":{\"@id\":\"https:\/\/www.unilogic.com.gt\/#\/schema\/logo\/image\/\"},\"sameAs\":[\"https:\/\/www.facebook.com\/UniLogicGT\"]}]}<\/script>\n<!-- \/ Yoast SEO plugin. -->","yoast_head_json":{"title":"Consultor\u00eda en comercio internacional y aduanas - Unilogic","robots":{"index":"index","follow":"follow","max-snippet":"max-snippet:-1","max-image-preview":"max-image-preview:large","max-video-preview":"max-video-preview:-1"},"canonical":"https:\/\/www.unilogic.com.gt\/en\/consultoria-en-comercio-internacional-aduanas\/","og_locale":"en_US","og_type":"article","og_title":"Consultor\u00eda en comercio internacional y aduanas - Unilogic","og_description":"Ofrecemos un servicio integral y de alto nivel en comercio internacional y aduanas, con consultor\u00eda especializada en clasificaci\u00f3n arancelaria, valoraci\u00f3n aduanera, origen de mercanc\u00edas, reg\u00edmenes aduaneros y normativa aplicable. Coordinamos con precisi\u00f3n cada etapa del proceso ante la autoridad aduanera, asegurando el cumplimiento normativo, la eficiencia operativa y la protecci\u00f3n de los intereses de nuestros [&hellip;]","og_url":"https:\/\/www.unilogic.com.gt\/en\/consultoria-en-comercio-internacional-aduanas\/","og_site_name":"Unilogic","article_publisher":"https:\/\/www.facebook.com\/UniLogicGT","article_modified_time":"2025-04-09T17:53:05+00:00","og_image":[{"url":"https:\/\/www.unilogic.com.gt\/wp-content\/uploads\/2025\/03\/carga-general-guatmeala-1024x682.png","type":"","width":"","height":""}],"twitter_card":"summary_large_image","twitter_misc":{"Est. reading time":"2 minutes"},"schema":{"@context":"https:\/\/schema.org","@graph":[{"@type":"WebPage","@id":"https:\/\/www.unilogic.com.gt\/consultoria-en-comercio-internacional-aduanas\/","url":"https:\/\/www.unilogic.com.gt\/consultoria-en-comercio-internacional-aduanas\/","name":"Consultor\u00eda en comercio internacional y aduanas - Unilogic","isPartOf":{"@id":"https:\/\/www.unilogic.com.gt\/#website"},"primaryImageOfPage":{"@id":"https:\/\/www.unilogic.com.gt\/consultoria-en-comercio-internacional-aduanas\/#primaryimage"},"image":{"@id":"https:\/\/www.unilogic.com.gt\/consultoria-en-comercio-internacional-aduanas\/#primaryimage"},"thumbnailUrl":"https:\/\/www.unilogic.com.gt\/wp-content\/uploads\/2025\/03\/carga-general-guatmeala-1024x682.png","datePublished":"2025-03-07T16:22:07+00:00","dateModified":"2025-04-09T17:53:05+00:00","breadcrumb":{"@id":"https:\/\/www.unilogic.com.gt\/consultoria-en-comercio-internacional-aduanas\/#breadcrumb"},"inLanguage":"en-US","potentialAction":[{"@type":"ReadAction","target":["https:\/\/www.unilogic.com.gt\/consultoria-en-comercio-internacional-aduanas\/"]}]},{"@type":"ImageObject","inLanguage":"en-US","@id":"https:\/\/www.unilogic.com.gt\/consultoria-en-comercio-internacional-aduanas\/#primaryimage","url":"https:\/\/www.unilogic.com.gt\/wp-content\/uploads\/2025\/03\/carga-general-guatmeala-1024x682.png","contentUrl":"https:\/\/www.unilogic.com.gt\/wp-content\/uploads\/2025\/03\/carga-general-guatmeala-1024x682.png"},{"@type":"BreadcrumbList","@id":"https:\/\/www.unilogic.com.gt\/consultoria-en-comercio-internacional-aduanas\/#breadcrumb","itemListElement":[{"@type":"ListItem","position":1,"name":"Portada","item":"https:\/\/www.unilogic.com.gt\/"},{"@type":"ListItem","position":2,"name":"Consultor\u00eda en comercio internacional y aduanas"}]},{"@type":"WebSite","@id":"https:\/\/www.unilogic.com.gt\/#website","url":"https:\/\/www.unilogic.com.gt\/","name":"UniLogic","description":"Simplificando el mundo","publisher":{"@id":"https:\/\/www.unilogic.com.gt\/#organization"},"potentialAction":[{"@type":"SearchAction","target":{"@type":"EntryPoint","urlTemplate":"https:\/\/www.unilogic.com.gt\/?s={search_term_string}"},"query-input":{"@type":"PropertyValueSpecification","valueRequired":true,"valueName":"search_term_string"}}],"inLanguage":"en-US"},{"@type":"Organization","@id":"https:\/\/www.unilogic.com.gt\/#organization","name":"UniLogic","url":"https:\/\/www.unilogic.com.gt\/","logo":{"@type":"ImageObject","inLanguage":"en-US","@id":"https:\/\/www.unilogic.com.gt\/#\/schema\/logo\/image\/","url":"https:\/\/www.unilogic.com.gt\/wp-content\/uploads\/2025\/02\/cropped-logo-unilogic.png","contentUrl":"https:\/\/www.unilogic.com.gt\/wp-content\/uploads\/2025\/02\/cropped-logo-unilogic.png","width":1263,"height":361,"caption":"UniLogic"},"image":{"@id":"https:\/\/www.unilogic.com.gt\/#\/schema\/logo\/image\/"},"sameAs":["https:\/\/www.facebook.com\/UniLogicGT"]}]}},"_links":{"self":[{"href":"https:\/\/www.unilogic.com.gt\/en\/wp-json\/wp\/v2\/pages\/2342","targetHints":{"allow":["GET"]}}],"collection":[{"href":"https:\/\/www.unilogic.com.gt\/en\/wp-json\/wp\/v2\/pages"}],"about":[{"href":"https:\/\/www.unilogic.com.gt\/en\/wp-json\/wp\/v2\/types\/page"}],"author":[{"embeddable":true,"href":"https:\/\/www.unilogic.com.gt\/en\/wp-json\/wp\/v2\/users\/1"}],"replies":[{"embeddable":true,"href":"https:\/\/www.unilogic.com.gt\/en\/wp-json\/wp\/v2\/comments?post=2342"}],"version-history":[{"count":47,"href":"https:\/\/www.unilogic.com.gt\/en\/wp-json\/wp\/v2\/pages\/2342\/revisions"}],"predecessor-version":[{"id":2732,"href":"https:\/\/www.unilogic.com.gt\/en\/wp-json\/wp\/v2\/pages\/2342\/revisions\/2732"}],"wp:attachment":[{"href":"https:\/\/www.unilogic.com.gt\/en\/wp-json\/wp\/v2\/media?parent=2342"}],"curies":[{"name":"wp","href":"https:\/\/api.w.org\/{rel}","templated":true}]}}