{"id":1423,"date":"2020-03-08T06:44:35","date_gmt":"2020-03-08T06:44:35","guid":{"rendered":"http:\/\/www.unilogic.com.gt\/?page_id=1423"},"modified":"2025-03-25T21:27:50","modified_gmt":"2025-03-25T21:27:50","slug":"gestion-transporte","status":"publish","type":"page","link":"https:\/\/www.unilogic.com.gt\/en\/gestion-transporte\/","title":{"rendered":"Gesti\u00f3n de Transporte"},"content":{"rendered":"<div data-elementor-type=\"wp-page\" data-elementor-id=\"1423\" class=\"elementor elementor-1423\" data-elementor-post-type=\"page\">\n\t\t\t\t<div class=\"elementor-element elementor-element-c73e398 e-flex e-con-boxed elementor-invisible e-con e-parent\" data-id=\"c73e398\" data-element_type=\"container\" data-settings=\"{&quot;background_background&quot;:&quot;classic&quot;,&quot;animation&quot;:&quot;fadeIn&quot;}\">\n\t\t\t\t\t<div class=\"e-con-inner\">\n\t\t<div class=\"elementor-element elementor-element-ce4590c e-con-full e-flex e-con e-child\" data-id=\"ce4590c\" data-element_type=\"container\" data-settings=\"{&quot;background_background&quot;:&quot;classic&quot;}\">\n\t\t\t\t<div class=\"elementor-element elementor-element-1277725 elementor-widget elementor-widget-text-editor\" data-id=\"1277725\" data-element_type=\"widget\" data-widget_type=\"text-editor.default\">\n\t\t\t\t\t\t\t\t\t<p class=\"p1\">Ofrecemos soluciones de transporte terrestre adaptadas a su empresa, garantizando log\u00edstica eficiente, precisi\u00f3n y seguridad.<\/p>\t\t\t\t\t\t\t\t<\/div>\n\t\t\t\t<\/div>\n\t\t\t\t\t<\/div>\n\t\t\t\t<\/div>\n\t\t<div class=\"elementor-element elementor-element-853ad53 e-flex e-con-boxed e-con e-parent\" data-id=\"853ad53\" data-element_type=\"container\">\n\t\t\t\t\t<div class=\"e-con-inner\">\n\t\t<div class=\"elementor-element elementor-element-79b5321 e-con-full e-flex e-con e-child\" data-id=\"79b5321\" data-element_type=\"container\">\n\t\t\t\t<div class=\"elementor-element elementor-element-df19352 elementor-arrows-position-outside elementor-pagination-position-outside elementor-widget elementor-widget-image-carousel\" data-id=\"df19352\" data-element_type=\"widget\" data-settings=\"{&quot;slides_to_show&quot;:&quot;1&quot;,&quot;navigation&quot;:&quot;both&quot;,&quot;autoplay&quot;:&quot;yes&quot;,&quot;pause_on_hover&quot;:&quot;yes&quot;,&quot;pause_on_interaction&quot;:&quot;yes&quot;,&quot;autoplay_speed&quot;:5000,&quot;infinite&quot;:&quot;yes&quot;,&quot;effect&quot;:&quot;slide&quot;,&quot;speed&quot;:500}\" data-widget_type=\"image-carousel.default\">\n\t\t\t\t\t\t\t<div class=\"elementor-image-carousel-wrapper swiper\" role=\"region\" aria-roledescription=\"carousel\" aria-label=\"Carrusel de im\u00e1genes\" dir=\"ltr\">\n\t\t\t<div class=\"elementor-image-carousel swiper-wrapper\" aria-live=\"off\">\n\t\t\t\t\t\t\t\t<div class=\"swiper-slide\" role=\"group\" aria-roledescription=\"slide\" aria-label=\"1 de 3\"><figure class=\"swiper-slide-inner\"><img decoding=\"async\" class=\"swiper-slide-image lazyload\" data-src=\"https:\/\/www.unilogic.com.gt\/wp-content\/uploads\/2025\/03\/WhatsApp-Image-2025-01-31-at-8.40.42-AM-768x576.jpeg\" alt=\"WhatsApp Image 2025-01-31 at 8.40.42 AM\" src=\"data:image\/gif;base64,R0lGODlhAQABAAAAACH5BAEKAAEALAAAAAABAAEAAAICTAEAOw==\" style=\"--smush-placeholder-width: 768px; --smush-placeholder-aspect-ratio: 768\/576;\" \/><\/figure><\/div><div class=\"swiper-slide\" role=\"group\" aria-roledescription=\"slide\" aria-label=\"2 de 3\"><figure class=\"swiper-slide-inner\"><img decoding=\"async\" class=\"swiper-slide-image lazyload\" data-src=\"https:\/\/www.unilogic.com.gt\/wp-content\/uploads\/2025\/03\/WhatsApp-Image-2025-01-31-at-8.41.09-AM-768x576.jpeg\" alt=\"WhatsApp Image 2025-01-31 at 8.41.09 AM\" src=\"data:image\/gif;base64,R0lGODlhAQABAAAAACH5BAEKAAEALAAAAAABAAEAAAICTAEAOw==\" style=\"--smush-placeholder-width: 768px; --smush-placeholder-aspect-ratio: 768\/576;\" \/><\/figure><\/div><div class=\"swiper-slide\" role=\"group\" aria-roledescription=\"slide\" aria-label=\"3 de 3\"><figure class=\"swiper-slide-inner\"><img decoding=\"async\" class=\"swiper-slide-image lazyload\" data-src=\"https:\/\/www.unilogic.com.gt\/wp-content\/uploads\/2025\/03\/4bf50b07-eb5f-4adb-acc6-57881aed9aa1-768x576.jpeg\" alt=\"4bf50b07-eb5f-4adb-acc6-57881aed9aa1\" src=\"data:image\/gif;base64,R0lGODlhAQABAAAAACH5BAEKAAEALAAAAAABAAEAAAICTAEAOw==\" style=\"--smush-placeholder-width: 768px; --smush-placeholder-aspect-ratio: 768\/576;\" \/><\/figure><\/div>\t\t\t<\/div>\n\t\t\t\t\t\t\t\t\t\t\t\t<div class=\"elementor-swiper-button elementor-swiper-button-prev\" role=\"button\" tabindex=\"0\">\n\t\t\t\t\t\t<svg aria-hidden=\"true\" class=\"e-font-icon-svg e-eicon-chevron-left\" viewbox=\"0 0 1000 1000\" xmlns=\"http:\/\/www.w3.org\/2000\/svg\"><path d=\"M646 125C629 125 613 133 604 142L308 442C296 454 292 471 292 487 292 504 296 521 308 533L604 854C617 867 629 875 646 875 663 875 679 871 692 858 704 846 713 829 713 812 713 796 708 779 692 767L438 487 692 225C700 217 708 204 708 187 708 171 704 154 692 142 675 129 663 125 646 125Z\"><\/path><\/svg>\t\t\t\t\t<\/div>\n\t\t\t\t\t<div class=\"elementor-swiper-button elementor-swiper-button-next\" role=\"button\" tabindex=\"0\">\n\t\t\t\t\t\t<svg aria-hidden=\"true\" class=\"e-font-icon-svg e-eicon-chevron-right\" viewbox=\"0 0 1000 1000\" xmlns=\"http:\/\/www.w3.org\/2000\/svg\"><path d=\"M696 533C708 521 713 504 713 487 713 471 708 454 696 446L400 146C388 133 375 125 354 125 338 125 325 129 313 142 300 154 292 171 292 187 292 204 296 221 308 233L563 492 304 771C292 783 288 800 288 817 288 833 296 850 308 863 321 871 338 875 354 875 371 875 388 867 400 854L696 533Z\"><\/path><\/svg>\t\t\t\t\t<\/div>\n\t\t\t\t\n\t\t\t\t\t\t\t\t\t<div class=\"swiper-pagination\"><\/div>\n\t\t\t\t\t\t\t\t\t<\/div>\n\t\t\t\t\t\t<\/div>\n\t\t\t\t<\/div>\n\t\t<div class=\"elementor-element elementor-element-6bc0dc0 e-con-full e-flex e-con e-child\" data-id=\"6bc0dc0\" data-element_type=\"container\">\n\t\t\t\t<div class=\"elementor-element elementor-element-cd3c7f5 elementor-widget elementor-widget-heading\" data-id=\"cd3c7f5\" data-element_type=\"widget\" data-widget_type=\"heading.default\">\n\t\t\t\t\t<h2 class=\"elementor-heading-title elementor-size-default\">Transporte de carga a granel s\u00f3lido<\/h2>\t\t\t\t<\/div>\n\t\t\t\t<\/div>\n\t\t\t\t\t<\/div>\n\t\t\t\t<\/div>\n\t\t<div class=\"elementor-element elementor-element-6cf2aaf elementor-hidden-desktop elementor-hidden-tablet e-flex e-con-boxed e-con e-parent\" data-id=\"6cf2aaf\" data-element_type=\"container\">\n\t\t\t\t\t<div class=\"e-con-inner\">\n\t\t<div class=\"elementor-element elementor-element-23c494c e-con-full e-flex e-con e-child\" data-id=\"23c494c\" data-element_type=\"container\">\n\t\t\t\t<div class=\"elementor-element elementor-element-21b7ba3 elementor-widget elementor-widget-image\" data-id=\"21b7ba3\" data-element_type=\"widget\" data-widget_type=\"image.default\">\n\t\t\t\t\t\t\t\t\t\t\t\t\t\t\t<img fetchpriority=\"high\" decoding=\"async\" width=\"648\" height=\"480\" src=\"https:\/\/www.unilogic.com.gt\/wp-content\/uploads\/2025\/03\/unilogic-carga.png\" class=\"attachment-large size-large wp-image-2560\" alt=\"\" srcset=\"https:\/\/www.unilogic.com.gt\/wp-content\/uploads\/2025\/03\/unilogic-carga.png 648w, https:\/\/www.unilogic.com.gt\/wp-content\/uploads\/2025\/03\/unilogic-carga-300x222.png 300w, https:\/\/www.unilogic.com.gt\/wp-content\/uploads\/2025\/03\/unilogic-carga-16x12.png 16w\" sizes=\"(max-width: 648px) 100vw, 648px\" \/>\t\t\t\t\t\t\t\t\t\t\t\t\t\t\t<\/div>\n\t\t\t\t<\/div>\n\t\t<div class=\"elementor-element elementor-element-47f58e1 e-con-full e-flex e-con e-child\" data-id=\"47f58e1\" data-element_type=\"container\">\n\t\t\t\t<div class=\"elementor-element elementor-element-379f94a elementor-widget elementor-widget-heading\" data-id=\"379f94a\" data-element_type=\"widget\" data-widget_type=\"heading.default\">\n\t\t\t\t\t<h2 class=\"elementor-heading-title elementor-size-default\">Servicio de descarga de contenedores<\/h2>\t\t\t\t<\/div>\n\t\t\t\t<\/div>\n\t\t\t\t\t<\/div>\n\t\t\t\t<\/div>\n\t\t<div class=\"elementor-element elementor-element-e987f52 elementor-hidden-mobile e-flex e-con-boxed e-con e-parent\" data-id=\"e987f52\" data-element_type=\"container\">\n\t\t\t\t\t<div class=\"e-con-inner\">\n\t\t<div class=\"elementor-element elementor-element-c0f28eb e-con-full e-flex e-con e-child\" data-id=\"c0f28eb\" data-element_type=\"container\">\n\t\t\t\t<div class=\"elementor-element elementor-element-68af8a8 elementor-widget elementor-widget-heading\" data-id=\"68af8a8\" data-element_type=\"widget\" data-widget_type=\"heading.default\">\n\t\t\t\t\t<h2 class=\"elementor-heading-title elementor-size-default\">Servicio de descarga de contenedores<\/h2>\t\t\t\t<\/div>\n\t\t\t\t<\/div>\n\t\t<div class=\"elementor-element elementor-element-bab0b62 e-con-full e-flex e-con e-child\" data-id=\"bab0b62\" data-element_type=\"container\">\n\t\t\t\t<div class=\"elementor-element elementor-element-41d9a12 elementor-widget elementor-widget-image\" data-id=\"41d9a12\" data-element_type=\"widget\" data-widget_type=\"image.default\">\n\t\t\t\t\t\t\t\t\t\t\t\t\t\t\t<img fetchpriority=\"high\" decoding=\"async\" width=\"648\" height=\"480\" src=\"https:\/\/www.unilogic.com.gt\/wp-content\/uploads\/2025\/03\/unilogic-carga.png\" class=\"attachment-large size-large wp-image-2560\" alt=\"\" srcset=\"https:\/\/www.unilogic.com.gt\/wp-content\/uploads\/2025\/03\/unilogic-carga.png 648w, https:\/\/www.unilogic.com.gt\/wp-content\/uploads\/2025\/03\/unilogic-carga-300x222.png 300w, https:\/\/www.unilogic.com.gt\/wp-content\/uploads\/2025\/03\/unilogic-carga-16x12.png 16w\" sizes=\"(max-width: 648px) 100vw, 648px\" \/>\t\t\t\t\t\t\t\t\t\t\t\t\t\t\t<\/div>\n\t\t\t\t<\/div>\n\t\t\t\t\t<\/div>\n\t\t\t\t<\/div>\n\t\t<div class=\"elementor-element elementor-element-705a3eb e-flex e-con-boxed e-con e-parent\" data-id=\"705a3eb\" data-element_type=\"container\">\n\t\t\t\t\t<div class=\"e-con-inner\">\n\t\t<div class=\"elementor-element elementor-element-bcdaf29 e-con-full e-flex e-con e-child\" data-id=\"bcdaf29\" data-element_type=\"container\">\n\t\t\t\t<div class=\"elementor-element elementor-element-57ff8a4 elementor-arrows-position-outside elementor-pagination-position-outside elementor-widget elementor-widget-image-carousel\" data-id=\"57ff8a4\" data-element_type=\"widget\" data-settings=\"{&quot;slides_to_show&quot;:&quot;1&quot;,&quot;navigation&quot;:&quot;both&quot;,&quot;autoplay&quot;:&quot;yes&quot;,&quot;pause_on_hover&quot;:&quot;yes&quot;,&quot;pause_on_interaction&quot;:&quot;yes&quot;,&quot;autoplay_speed&quot;:5000,&quot;infinite&quot;:&quot;yes&quot;,&quot;effect&quot;:&quot;slide&quot;,&quot;speed&quot;:500}\" data-widget_type=\"image-carousel.default\">\n\t\t\t\t\t\t\t<div class=\"elementor-image-carousel-wrapper swiper\" role=\"region\" aria-roledescription=\"carousel\" aria-label=\"Carrusel de im\u00e1genes\" dir=\"ltr\">\n\t\t\t<div class=\"elementor-image-carousel swiper-wrapper\" aria-live=\"off\">\n\t\t\t\t\t\t\t\t<div class=\"swiper-slide\" role=\"group\" aria-roledescription=\"slide\" aria-label=\"1 de 1\"><figure class=\"swiper-slide-inner\"><img decoding=\"async\" class=\"swiper-slide-image lazyload\" data-src=\"https:\/\/www.unilogic.com.gt\/wp-content\/uploads\/2025\/03\/carga-pesada-y-sobredimensionada.png\" alt=\"carga-pesada-y-sobredimensionada\" src=\"data:image\/gif;base64,R0lGODlhAQABAAAAACH5BAEKAAEALAAAAAABAAEAAAICTAEAOw==\" style=\"--smush-placeholder-width: 648px; --smush-placeholder-aspect-ratio: 648\/480;\" \/><\/figure><\/div>\t\t\t<\/div>\n\t\t\t\t\t<\/div>\n\t\t\t\t\t\t<\/div>\n\t\t\t\t<\/div>\n\t\t<div class=\"elementor-element elementor-element-ae093f7 e-con-full e-flex e-con e-child\" data-id=\"ae093f7\" data-element_type=\"container\">\n\t\t\t\t<div class=\"elementor-element elementor-element-5aa73d0 elementor-widget elementor-widget-heading\" data-id=\"5aa73d0\" data-element_type=\"widget\" data-widget_type=\"heading.default\">\n\t\t\t\t\t<h2 class=\"elementor-heading-title elementor-size-default\">Transporte especializado para carga pesada y sobredimensionada en lowboy<\/h2>\t\t\t\t<\/div>\n\t\t\t\t<\/div>\n\t\t\t\t\t<\/div>\n\t\t\t\t<\/div>\n\t\t<div class=\"elementor-element elementor-element-b9e2138 e-flex e-con-boxed e-con e-parent\" data-id=\"b9e2138\" data-element_type=\"container\">\n\t\t\t\t\t<div class=\"e-con-inner\">\n\t\t<div class=\"elementor-element elementor-element-08681f3 e-con-full e-flex e-con e-child\" data-id=\"08681f3\" data-element_type=\"container\">\n\t\t\t\t<div class=\"elementor-element elementor-element-5e9fb13 elementor-widget elementor-widget-heading\" data-id=\"5e9fb13\" data-element_type=\"widget\" data-widget_type=\"heading.default\">\n\t\t\t\t\t<h2 class=\"elementor-heading-title elementor-size-default\">Transporte de carga general<\/h2>\t\t\t\t<\/div>\n\t\t\t\t<\/div>\n\t\t<div class=\"elementor-element elementor-element-580c9d6 e-con-full e-flex e-con e-child\" data-id=\"580c9d6\" data-element_type=\"container\">\n\t\t\t\t<div class=\"elementor-element elementor-element-cbf5525 elementor-arrows-position-outside elementor-pagination-position-outside elementor-widget elementor-widget-image-carousel\" data-id=\"cbf5525\" data-element_type=\"widget\" data-settings=\"{&quot;slides_to_show&quot;:&quot;1&quot;,&quot;navigation&quot;:&quot;both&quot;,&quot;autoplay&quot;:&quot;yes&quot;,&quot;pause_on_hover&quot;:&quot;yes&quot;,&quot;pause_on_interaction&quot;:&quot;yes&quot;,&quot;autoplay_speed&quot;:5000,&quot;infinite&quot;:&quot;yes&quot;,&quot;effect&quot;:&quot;slide&quot;,&quot;speed&quot;:500}\" data-widget_type=\"image-carousel.default\">\n\t\t\t\t\t\t\t<div class=\"elementor-image-carousel-wrapper swiper\" role=\"region\" aria-roledescription=\"carousel\" aria-label=\"Carrusel de im\u00e1genes\" dir=\"ltr\">\n\t\t\t<div class=\"elementor-image-carousel swiper-wrapper\" aria-live=\"off\">\n\t\t\t\t\t\t\t\t<div class=\"swiper-slide\" role=\"group\" aria-roledescription=\"slide\" aria-label=\"1 de 3\"><figure class=\"swiper-slide-inner\"><img decoding=\"async\" class=\"swiper-slide-image lazyload\" data-src=\"https:\/\/www.unilogic.com.gt\/wp-content\/uploads\/2025\/03\/carga-general-guatmeala-768x512.png\" alt=\"carga general guatmeala\" src=\"data:image\/gif;base64,R0lGODlhAQABAAAAACH5BAEKAAEALAAAAAABAAEAAAICTAEAOw==\" style=\"--smush-placeholder-width: 768px; --smush-placeholder-aspect-ratio: 768\/512;\" \/><\/figure><\/div><div class=\"swiper-slide\" role=\"group\" aria-roledescription=\"slide\" aria-label=\"2 de 3\"><figure class=\"swiper-slide-inner\"><img decoding=\"async\" class=\"swiper-slide-image lazyload\" data-src=\"https:\/\/www.unilogic.com.gt\/wp-content\/uploads\/2025\/03\/carga-general-unilogic-768x512.png\" alt=\"carga general unilogic\" src=\"data:image\/gif;base64,R0lGODlhAQABAAAAACH5BAEKAAEALAAAAAABAAEAAAICTAEAOw==\" style=\"--smush-placeholder-width: 768px; --smush-placeholder-aspect-ratio: 768\/512;\" \/><\/figure><\/div><div class=\"swiper-slide\" role=\"group\" aria-roledescription=\"slide\" aria-label=\"3 de 3\"><figure class=\"swiper-slide-inner\"><img decoding=\"async\" class=\"swiper-slide-image lazyload\" data-src=\"https:\/\/www.unilogic.com.gt\/wp-content\/uploads\/2025\/03\/carga-general-768x512.png\" alt=\"carga general\" src=\"data:image\/gif;base64,R0lGODlhAQABAAAAACH5BAEKAAEALAAAAAABAAEAAAICTAEAOw==\" style=\"--smush-placeholder-width: 768px; --smush-placeholder-aspect-ratio: 768\/512;\" \/><\/figure><\/div>\t\t\t<\/div>\n\t\t\t\t\t\t\t\t\t\t\t\t<div class=\"elementor-swiper-button elementor-swiper-button-prev\" role=\"button\" tabindex=\"0\">\n\t\t\t\t\t\t<svg aria-hidden=\"true\" class=\"e-font-icon-svg e-eicon-chevron-left\" viewbox=\"0 0 1000 1000\" xmlns=\"http:\/\/www.w3.org\/2000\/svg\"><path d=\"M646 125C629 125 613 133 604 142L308 442C296 454 292 471 292 487 292 504 296 521 308 533L604 854C617 867 629 875 646 875 663 875 679 871 692 858 704 846 713 829 713 812 713 796 708 779 692 767L438 487 692 225C700 217 708 204 708 187 708 171 704 154 692 142 675 129 663 125 646 125Z\"><\/path><\/svg>\t\t\t\t\t<\/div>\n\t\t\t\t\t<div class=\"elementor-swiper-button elementor-swiper-button-next\" role=\"button\" tabindex=\"0\">\n\t\t\t\t\t\t<svg aria-hidden=\"true\" class=\"e-font-icon-svg e-eicon-chevron-right\" viewbox=\"0 0 1000 1000\" xmlns=\"http:\/\/www.w3.org\/2000\/svg\"><path d=\"M696 533C708 521 713 504 713 487 713 471 708 454 696 446L400 146C388 133 375 125 354 125 338 125 325 129 313 142 300 154 292 171 292 187 292 204 296 221 308 233L563 492 304 771C292 783 288 800 288 817 288 833 296 850 308 863 321 871 338 875 354 875 371 875 388 867 400 854L696 533Z\"><\/path><\/svg>\t\t\t\t\t<\/div>\n\t\t\t\t\n\t\t\t\t\t\t\t\t\t<div class=\"swiper-pagination\"><\/div>\n\t\t\t\t\t\t\t\t\t<\/div>\n\t\t\t\t\t\t<\/div>\n\t\t\t\t<\/div>\n\t\t\t\t\t<\/div>\n\t\t\t\t<\/div>\n\t\t\t\t<\/div>","protected":false},"excerpt":{"rendered":"<p>Ofrecemos soluciones de transporte terrestre adaptadas a su empresa, garantizando log\u00edstica eficiente, precisi\u00f3n y seguridad. Transporte de carga a granel s\u00f3lido Servicio de descarga de contenedores Servicio de descarga de contenedores Transporte especializado para carga pesada y sobredimensionada en lowboy Transporte de carga general<\/p>","protected":false},"author":1,"featured_media":0,"parent":0,"menu_order":0,"comment_status":"closed","ping_status":"closed","template":"","meta":{"_acf_changed":false,"footnotes":""},"class_list":["post-1423","page","type-page","status-publish","hentry"],"acf":[],"yoast_head":"<!-- This site is optimized with the Yoast SEO plugin v24.8.1 - https:\/\/yoast.com\/wordpress\/plugins\/seo\/ -->\n<title>Gesti\u00f3n de Transporte - Unilogic<\/title>\n<meta name=\"robots\" content=\"index, follow, max-snippet:-1, max-image-preview:large, max-video-preview:-1\" \/>\n<link rel=\"canonical\" href=\"https:\/\/www.unilogic.com.gt\/en\/gestion-transporte\/\" \/>\n<meta property=\"og:locale\" content=\"en_US\" \/>\n<meta property=\"og:type\" content=\"article\" \/>\n<meta property=\"og:title\" content=\"Gesti\u00f3n de Transporte - Unilogic\" \/>\n<meta property=\"og:description\" content=\"Ofrecemos soluciones de transporte terrestre adaptadas a su empresa, garantizando log\u00edstica eficiente, precisi\u00f3n y seguridad. Transporte de carga a granel s\u00f3lido Servicio de descarga de contenedores Servicio de descarga de contenedores Transporte especializado para carga pesada y sobredimensionada en lowboy Transporte de carga general\" \/>\n<meta property=\"og:url\" content=\"https:\/\/www.unilogic.com.gt\/en\/gestion-transporte\/\" \/>\n<meta property=\"og:site_name\" content=\"Unilogic\" \/>\n<meta property=\"article:publisher\" content=\"https:\/\/www.facebook.com\/UniLogicGT\" \/>\n<meta property=\"article:modified_time\" content=\"2025-03-25T21:27:50+00:00\" \/>\n<meta property=\"og:image\" content=\"https:\/\/www.unilogic.com.gt\/wp-content\/uploads\/2025\/03\/WhatsApp-Image-2025-01-31-at-8.40.42-AM-768x576.jpeg\" \/>\n<meta name=\"twitter:card\" content=\"summary_large_image\" \/>\n<meta name=\"twitter:label1\" content=\"Est. reading time\" \/>\n\t<meta name=\"twitter:data1\" content=\"3 minutes\" \/>\n<script type=\"application\/ld+json\" class=\"yoast-schema-graph\">{\"@context\":\"https:\/\/schema.org\",\"@graph\":[{\"@type\":\"WebPage\",\"@id\":\"https:\/\/www.unilogic.com.gt\/gestion-transporte\/\",\"url\":\"https:\/\/www.unilogic.com.gt\/gestion-transporte\/\",\"name\":\"Gesti\u00f3n de Transporte - Unilogic\",\"isPartOf\":{\"@id\":\"https:\/\/www.unilogic.com.gt\/#website\"},\"primaryImageOfPage\":{\"@id\":\"https:\/\/www.unilogic.com.gt\/gestion-transporte\/#primaryimage\"},\"image\":{\"@id\":\"https:\/\/www.unilogic.com.gt\/gestion-transporte\/#primaryimage\"},\"thumbnailUrl\":\"https:\/\/www.unilogic.com.gt\/wp-content\/uploads\/2025\/03\/WhatsApp-Image-2025-01-31-at-8.40.42-AM-768x576.jpeg\",\"datePublished\":\"2020-03-08T06:44:35+00:00\",\"dateModified\":\"2025-03-25T21:27:50+00:00\",\"breadcrumb\":{\"@id\":\"https:\/\/www.unilogic.com.gt\/gestion-transporte\/#breadcrumb\"},\"inLanguage\":\"en-US\",\"potentialAction\":[{\"@type\":\"ReadAction\",\"target\":[\"https:\/\/www.unilogic.com.gt\/gestion-transporte\/\"]}]},{\"@type\":\"ImageObject\",\"inLanguage\":\"en-US\",\"@id\":\"https:\/\/www.unilogic.com.gt\/gestion-transporte\/#primaryimage\",\"url\":\"https:\/\/www.unilogic.com.gt\/wp-content\/uploads\/2025\/03\/WhatsApp-Image-2025-01-31-at-8.40.42-AM-768x576.jpeg\",\"contentUrl\":\"https:\/\/www.unilogic.com.gt\/wp-content\/uploads\/2025\/03\/WhatsApp-Image-2025-01-31-at-8.40.42-AM-768x576.jpeg\"},{\"@type\":\"BreadcrumbList\",\"@id\":\"https:\/\/www.unilogic.com.gt\/gestion-transporte\/#breadcrumb\",\"itemListElement\":[{\"@type\":\"ListItem\",\"position\":1,\"name\":\"Portada\",\"item\":\"https:\/\/www.unilogic.com.gt\/\"},{\"@type\":\"ListItem\",\"position\":2,\"name\":\"Gesti\u00f3n de Transporte\"}]},{\"@type\":\"WebSite\",\"@id\":\"https:\/\/www.unilogic.com.gt\/#website\",\"url\":\"https:\/\/www.unilogic.com.gt\/\",\"name\":\"UniLogic\",\"description\":\"Simplificando el mundo\",\"publisher\":{\"@id\":\"https:\/\/www.unilogic.com.gt\/#organization\"},\"potentialAction\":[{\"@type\":\"SearchAction\",\"target\":{\"@type\":\"EntryPoint\",\"urlTemplate\":\"https:\/\/www.unilogic.com.gt\/?s={search_term_string}\"},\"query-input\":{\"@type\":\"PropertyValueSpecification\",\"valueRequired\":true,\"valueName\":\"search_term_string\"}}],\"inLanguage\":\"en-US\"},{\"@type\":\"Organization\",\"@id\":\"https:\/\/www.unilogic.com.gt\/#organization\",\"name\":\"UniLogic\",\"url\":\"https:\/\/www.unilogic.com.gt\/\",\"logo\":{\"@type\":\"ImageObject\",\"inLanguage\":\"en-US\",\"@id\":\"https:\/\/www.unilogic.com.gt\/#\/schema\/logo\/image\/\",\"url\":\"https:\/\/www.unilogic.com.gt\/wp-content\/uploads\/2025\/02\/cropped-logo-unilogic.png\",\"contentUrl\":\"https:\/\/www.unilogic.com.gt\/wp-content\/uploads\/2025\/02\/cropped-logo-unilogic.png\",\"width\":1263,\"height\":361,\"caption\":\"UniLogic\"},\"image\":{\"@id\":\"https:\/\/www.unilogic.com.gt\/#\/schema\/logo\/image\/\"},\"sameAs\":[\"https:\/\/www.facebook.com\/UniLogicGT\"]}]}<\/script>\n<!-- \/ Yoast SEO plugin. -->","yoast_head_json":{"title":"Gesti\u00f3n de Transporte - Unilogic","robots":{"index":"index","follow":"follow","max-snippet":"max-snippet:-1","max-image-preview":"max-image-preview:large","max-video-preview":"max-video-preview:-1"},"canonical":"https:\/\/www.unilogic.com.gt\/en\/gestion-transporte\/","og_locale":"en_US","og_type":"article","og_title":"Gesti\u00f3n de Transporte - Unilogic","og_description":"Ofrecemos soluciones de transporte terrestre adaptadas a su empresa, garantizando log\u00edstica eficiente, precisi\u00f3n y seguridad. Transporte de carga a granel s\u00f3lido Servicio de descarga de contenedores Servicio de descarga de contenedores Transporte especializado para carga pesada y sobredimensionada en lowboy Transporte de carga general","og_url":"https:\/\/www.unilogic.com.gt\/en\/gestion-transporte\/","og_site_name":"Unilogic","article_publisher":"https:\/\/www.facebook.com\/UniLogicGT","article_modified_time":"2025-03-25T21:27:50+00:00","og_image":[{"url":"https:\/\/www.unilogic.com.gt\/wp-content\/uploads\/2025\/03\/WhatsApp-Image-2025-01-31-at-8.40.42-AM-768x576.jpeg","type":"","width":"","height":""}],"twitter_card":"summary_large_image","twitter_misc":{"Est. reading time":"3 minutes"},"schema":{"@context":"https:\/\/schema.org","@graph":[{"@type":"WebPage","@id":"https:\/\/www.unilogic.com.gt\/gestion-transporte\/","url":"https:\/\/www.unilogic.com.gt\/gestion-transporte\/","name":"Gesti\u00f3n de Transporte - Unilogic","isPartOf":{"@id":"https:\/\/www.unilogic.com.gt\/#website"},"primaryImageOfPage":{"@id":"https:\/\/www.unilogic.com.gt\/gestion-transporte\/#primaryimage"},"image":{"@id":"https:\/\/www.unilogic.com.gt\/gestion-transporte\/#primaryimage"},"thumbnailUrl":"https:\/\/www.unilogic.com.gt\/wp-content\/uploads\/2025\/03\/WhatsApp-Image-2025-01-31-at-8.40.42-AM-768x576.jpeg","datePublished":"2020-03-08T06:44:35+00:00","dateModified":"2025-03-25T21:27:50+00:00","breadcrumb":{"@id":"https:\/\/www.unilogic.com.gt\/gestion-transporte\/#breadcrumb"},"inLanguage":"en-US","potentialAction":[{"@type":"ReadAction","target":["https:\/\/www.unilogic.com.gt\/gestion-transporte\/"]}]},{"@type":"ImageObject","inLanguage":"en-US","@id":"https:\/\/www.unilogic.com.gt\/gestion-transporte\/#primaryimage","url":"https:\/\/www.unilogic.com.gt\/wp-content\/uploads\/2025\/03\/WhatsApp-Image-2025-01-31-at-8.40.42-AM-768x576.jpeg","contentUrl":"https:\/\/www.unilogic.com.gt\/wp-content\/uploads\/2025\/03\/WhatsApp-Image-2025-01-31-at-8.40.42-AM-768x576.jpeg"},{"@type":"BreadcrumbList","@id":"https:\/\/www.unilogic.com.gt\/gestion-transporte\/#breadcrumb","itemListElement":[{"@type":"ListItem","position":1,"name":"Portada","item":"https:\/\/www.unilogic.com.gt\/"},{"@type":"ListItem","position":2,"name":"Gesti\u00f3n de Transporte"}]},{"@type":"WebSite","@id":"https:\/\/www.unilogic.com.gt\/#website","url":"https:\/\/www.unilogic.com.gt\/","name":"UniLogic","description":"Simplificando el mundo","publisher":{"@id":"https:\/\/www.unilogic.com.gt\/#organization"},"potentialAction":[{"@type":"SearchAction","target":{"@type":"EntryPoint","urlTemplate":"https:\/\/www.unilogic.com.gt\/?s={search_term_string}"},"query-input":{"@type":"PropertyValueSpecification","valueRequired":true,"valueName":"search_term_string"}}],"inLanguage":"en-US"},{"@type":"Organization","@id":"https:\/\/www.unilogic.com.gt\/#organization","name":"UniLogic","url":"https:\/\/www.unilogic.com.gt\/","logo":{"@type":"ImageObject","inLanguage":"en-US","@id":"https:\/\/www.unilogic.com.gt\/#\/schema\/logo\/image\/","url":"https:\/\/www.unilogic.com.gt\/wp-content\/uploads\/2025\/02\/cropped-logo-unilogic.png","contentUrl":"https:\/\/www.unilogic.com.gt\/wp-content\/uploads\/2025\/02\/cropped-logo-unilogic.png","width":1263,"height":361,"caption":"UniLogic"},"image":{"@id":"https:\/\/www.unilogic.com.gt\/#\/schema\/logo\/image\/"},"sameAs":["https:\/\/www.facebook.com\/UniLogicGT"]}]}},"_links":{"self":[{"href":"https:\/\/www.unilogic.com.gt\/en\/wp-json\/wp\/v2\/pages\/1423","targetHints":{"allow":["GET"]}}],"collection":[{"href":"https:\/\/www.unilogic.com.gt\/en\/wp-json\/wp\/v2\/pages"}],"about":[{"href":"https:\/\/www.unilogic.com.gt\/en\/wp-json\/wp\/v2\/types\/page"}],"author":[{"embeddable":true,"href":"https:\/\/www.unilogic.com.gt\/en\/wp-json\/wp\/v2\/users\/1"}],"replies":[{"embeddable":true,"href":"https:\/\/www.unilogic.com.gt\/en\/wp-json\/wp\/v2\/comments?post=1423"}],"version-history":[{"count":162,"href":"https:\/\/www.unilogic.com.gt\/en\/wp-json\/wp\/v2\/pages\/1423\/revisions"}],"predecessor-version":[{"id":2697,"href":"https:\/\/www.unilogic.com.gt\/en\/wp-json\/wp\/v2\/pages\/1423\/revisions\/2697"}],"wp:attachment":[{"href":"https:\/\/www.unilogic.com.gt\/en\/wp-json\/wp\/v2\/media?parent=1423"}],"curies":[{"name":"wp","href":"https:\/\/api.w.org\/{rel}","templated":true}]}}